{"id":2784,"date":"2022-11-29T16:20:47","date_gmt":"2022-11-29T15:20:47","guid":{"rendered":"https:\/\/www.heinzmayer.de\/?page_id=2784"},"modified":"2024-05-09T17:34:13","modified_gmt":"2024-05-09T15:34:13","slug":"%e6%89%8b%e5%b7%a5%e8%a3%bd%e9%80%a0%e5%b7%a5%e5%9d%8a","status":"publish","type":"page","link":"https:\/\/www.heinzmayer.de\/zh-hant\/%e6%89%8b%e5%b7%a5%e8%a3%bd%e9%80%a0%e5%b7%a5%e5%9d%8a\/","title":{"rendered":"\u624b\u5de5\u88fd\u9020\u5de5\u574a"},"content":{"rendered":"<div class=\"wpb-content-wrapper\"><p>[vc_row full_width=&#8221;stretch_row&#8221; content_placement=&#8221;middle&#8221; css=&#8221;.vc_custom_1670164328846{background-position: center !important;background-repeat: no-repeat !important;background-size: cover !important;}&#8221; el_id=&#8221;manufakturheader&#8221;][vc_column width=&#8221;1\/2&#8243;][vc_column_text css=&#8221;&#8221; el_class=&#8221;gold&#8221;]<\/p>\n<h2>\u5927\u5e2b\u4e4b\u624b\u6253\u9020\u7684\u975e\u51e1\u5091\u4f5c<\/h2>\n<p>[\/vc_column_text][vc_column_text css=&#8221;&#8221;]\u6211\u5011\u8207\u6211\u5011\u7684\u5275\u4f5c\u6240\u4ee3\u8868\u7684\u662f\u7d55\u5c0d\u7cbe\u6e96\u3001\u71b1\u5ff1\u6295\u5165\u4ee5\u53ca\u6700\u9ad8\u54c1\u8cea\u3002<br \/>\n\u6b61\u8fce\u60a8\u9032\u5165\u6211\u5011\u4f4d\u65bc\u4f0a\u9054-\u5967\u4f2f\u65af\u5766\uff08 Idar- Oberstein\uff09\u7684\u73e0\u5bf6\u5de5\u574a\uff0c<br \/>\n\u958b\u5553\u4e00\u5834\u53c3\u89c0\u4e4b\u65c5\u3002[\/vc_column_text][vc_raw_html css=&#8221;&#8221;]JTNDYSUyMGhyZWYlM0QlMjJodHRwcyUzQSUyRiUyRnd3dy5oZWluem1heWVyLmRlJTJGdG91ciUyRiUyMiUyMGNsYXNzJTNEJTIyZ29sZGJ0biUyMGJsZWZ0JTIyJTNFJUU2JTk3JTg1JUU3JUE4JThCJUU3JTk0JUIxJUU2JUFEJUE0JUU5JTk2JThCJUU1JUE3JThCJTNDJTJGYSUzRQ==[\/vc_raw_html][\/vc_column][vc_column width=&#8221;1\/2&#8243;][\/vc_column][\/vc_row][vc_row gap=&#8221;20&#8243; css=&#8221;.vc_custom_1672180209094{margin-top: 150px !important;margin-bottom: 150px !important;}&#8221;][vc_column width=&#8221;1\/2&#8243; css=&#8221;.vc_custom_1670167132385{padding-top: 50px !important;padding-left: 50px !important;background-image: url(https:\/\/www.heinzmayer.de\/wp-content\/uploads\/2022\/12\/rect.png?id=314) !important;background-position: 0 0 !important;background-repeat: no-repeat !important;}&#8221;][vc_single_image image=&#8221;313&#8243; img_size=&#8221;large&#8221; alignment=&#8221;center&#8221; onclick=&#8221;custom_link&#8221; link=&#8221;https:\/\/www.heinzmayer.de\/video-manufaktur\/&#8221;][\/vc_column][vc_column width=&#8221;1\/2&#8243;][vc_column_text css=&#8221;&#8221; el_class=&#8221;gold&#8221;]<\/p>\n<h2>\u7dda\u4e0a\u53c3\u89c0\u6211\u5011\u7684\u5de5\u574a<\/h2>\n<p>[\/vc_column_text][vc_column_text css=&#8221;&#8221;]\u60a8\u5c07\u5728\u6b64\u63a2\u7d22\u9019\u500b\u8a95\u751f\u4e86\u6c38\u6046\u73e0\u5bf6\u7684\u795e\u5947\u4e4b\u5730\uff0c<br \/>\n\u4e26\u89aa\u773c\u898b\u8b49\u6211\u5011\u7684\u91d1\u5320\u5de5\u4f5c\uff0c<br \/>\n\u611f\u53d7\u767e\u5e74\u73e0\u5bf6\u8001\u4f5c\u574a\u548c\u50b3\u7d71\u98fe\u54c1\u5de5\u85dd\u7684\u9b45\u529b\u3002[\/vc_column_text][vc_raw_html css=&#8221;&#8221;]JTNDYSUyMGhyZWYlM0QlMjJodHRwcyUzQSUyRiUyRnd3dy5oZWluem1heWVyLmRlJTJGdG91ciUyRiUyMiUyMGNsYXNzJTNEJTIyZ29sZGJ0biUyMGJsZWZ0JTIyJTNFJUU1JTlDJUE4JUU2JUFEJUE0JUU1JThGJTgzJUU4JUE3JTgwJTNDJTJGYSUzRQ==[\/vc_raw_html][\/vc_column][\/vc_row][vc_row full_width=&#8221;stretch_row_content&#8221;][vc_column]\n\t\t\t<!-- START Slider Manufaktur REVOLUTION SLIDER 6.7.28 --><p class=\"rs-p-wp-fix\"><\/p>\n\t\t\t<rs-module-wrap id=\"rev_slider_3_1_wrapper\" data-source=\"gallery\" style=\"visibility:hidden;background:transparent;padding:0;margin:0px auto;margin-top:0;margin-bottom:0;\">\n\t\t\t\t<rs-module id=\"rev_slider_3_1\" style=\"\" data-version=\"6.7.28\">\n\t\t\t\t\t<rs-slides style=\"overflow: hidden; position: absolute;\">\n\t\t\t\t\t\t<rs-slide style=\"position: absolute;\" data-key=\"rs-6\" data-title=\"Slide\" data-in=\"o:0;\" data-out=\"a:false;\">\n\t\t\t\t\t\t\t<img decoding=\"async\" src=\"\/\/www.heinzmayer.de\/wp-content\/plugins\/revslider\/sr6\/assets\/assets\/dummy.png\" alt=\"\" title=\"Slider Manufaktur 1\" width=\"1980\" height=\"754\" class=\"rev-slidebg tp-rs-img rs-lazyload\" data-lazyload=\"\/\/www.heinzmayer.de\/wp-content\/uploads\/2022\/12\/slider_manufaktur_1.jpg\" data-no-retina>\n<!---->\t\t\t\t\t<\/rs-slide>\n\t\t\t\t\t<\/rs-slides>\n\t\t\t\t<\/rs-module>\n\t\t\t\t<script>\n\t\t\t\t\tsetREVStartSize({c: 'rev_slider_3_1',rl:[1240,1024,778,480],el:[745],gw:[1240],gh:[745],type:'standard',justify:'',layout:'fullwidth',mh:\"0\"});if (window.RS_MODULES!==undefined && window.RS_MODULES.modules!==undefined && window.RS_MODULES.modules[\"revslider31\"]!==undefined) {window.RS_MODULES.modules[\"revslider31\"].once = false;window.revapi3 = undefined;if (window.RS_MODULES.checkMinimal!==undefined) window.RS_MODULES.checkMinimal()}\n\t\t\t\t<\/script>\n\t\t\t<\/rs-module-wrap>\n\t\t\t<!-- END REVOLUTION SLIDER -->\n[\/vc_column][\/vc_row][vc_row gap=&#8221;35&#8243; css=&#8221;.vc_custom_1670168280993{margin-top: 100px !important;margin-bottom: 100px !important;}&#8221;][vc_column width=&#8221;1\/2&#8243; css=&#8221;.vc_custom_1670167132385{padding-top: 50px !important;padding-left: 50px !important;background-image: url(https:\/\/www.heinzmayer.de\/wp-content\/uploads\/2022\/12\/rect.png?id=314) !important;background-position: 0 0 !important;background-repeat: no-repeat !important;}&#8221;][vc_single_image image=&#8221;325&#8243; img_size=&#8221;large&#8221; alignment=&#8221;center&#8221;][\/vc_column][vc_column width=&#8221;1\/2&#8243;][vc_column_text css=&#8221;&#8221; el_class=&#8221;gold&#8221;]<\/p>\n<h2>\u6c38\u7e8c\u7d93\u71df\u8207\u793e\u6703\u8cac\u4efb<\/h2>\n<p>[\/vc_column_text][vc_column_text css=&#8221;&#8221;]Heinz Mayer \u516c\u53f8\u662f\u4e16\u754c\u947d\u77f3\u7d93\u7d00\u806f\u5408\u6703\uff08WFDB\uff09\u7684\u6703\u54e1\uff0c\u6211\u5011\u56b4\u683c\u9075\u5faa\u5176\u884c\u70ba\u6e96\u5247\u3002\u9019\u610f\u5473\u7740\u6211\u5011\u5805\u6c7a\u53cd\u5c0d\u4f7f\u7528\u8840\u947d\u3001\u5152\u7ae5\u52de\u5de5\uff0c\u4ee5\u53ca\u5371\u5bb3\u74b0\u5883\u7684\u751f\u7522\u548c\u958b\u63a1\u6280\u8853\u3002\u6211\u5011\u6240\u6709\u7684\u947d\u77f3\u90fd\u7b26\u5408\u91d1\u4f2f\u5229\u5354\u8b70\u7684\u898f\u5b9a\u4ee5\u53ca\u806f\u5408\u570b\u7684\u76f8\u95dc\u6c7a\u8b70\u3002\u6211\u5011\u8a8d\u70ba\u300c\u4e86\u89e3\u60a8\u7684\u4f9b\u61c9\u5546\u300d\u5c31\u662f\u6700\u4f73\u5be6\u8e10\u3002\u5728\u6211\u5011\u529b\u6240\u80fd\u53ca\u7684\u60c5\u6cc1\u4e0b\uff0c\u6211\u5011\u8ffd\u8e2a\u7522\u92b7\u76e3\u7ba1\u93c8\uff08CoC\uff09\uff0c\u4e26\u63d0\u4f9b\u947d\u77f3\u7684\u4f86\u6e90\u5730\u8cc7\u8a0a\u3002\u6b64\u5916\uff0c\u6211\u5011\u76ee\u524d\u6b63\u5728\u7a4d\u6975\u958b\u767c\u5340\u584a\u93c8\u6280\u8853\uff0c\u4ee5\u66f4\u597d\u5730\u78ba\u4fdd\u7522\u54c1\u7684\u53ef\u8ffd\u6eaf\u6027\u3002[\/vc_column_text][\/vc_column][\/vc_row][vc_row gap=&#8221;35&#8243; css=&#8221;.vc_custom_1670168286232{margin-top: 100px !important;margin-bottom: 100px !important;}&#8221;][vc_column width=&#8221;1\/2&#8243;][vc_column_text css=&#8221;&#8221; el_class=&#8221;gold&#8221;]<\/p>\n<h2>\u5353\u8d8a\u54c1\u8cea\u7684\u9802\u7d1a\u947d\u77f3<\/h2>\n<p>[\/vc_column_text][vc_column_text css=&#8221;&#8221;]\u6bcf\u9846\u947d\u77f3\u90fd\u6709 10 \u5104\u5230 40 \u5104\u5e74\u7684\u60a0\u4e45\u6b77\u53f2\uff0c\u5c31\u50cf\u6307\u7d0b\u4e00\u6a23\u7368\u4e00\u7121\u4e8c\u3002<br \/>\n\u7136\u800c\uff0c\u5e76\u975e\u6bcf\u9846\u947d\u77f3\u90fd\u9069\u5408\u7528\u65bc\u6211\u5011\u7684\u73e0\u5bf6\u3002<br \/>\n\u6211\u5011\u50c5\u4f7f\u7528\u7cbe\u5fc3\u6311\u9078\u7684\u3001\u6700\u9ad8\u54c1\u8cea\u7684\u947d\u77f3\u3002[\/vc_column_text][\/vc_column][vc_column width=&#8221;1\/2&#8243; css=&#8221;.vc_custom_1670167132385{padding-top: 50px !important;padding-left: 50px !important;background-image: url(https:\/\/www.heinzmayer.de\/wp-content\/uploads\/2022\/12\/rect.png?id=314) !important;background-position: 0 0 !important;background-repeat: no-repeat !important;}&#8221;][vc_single_image image=&#8221;324&#8243; img_size=&#8221;large&#8221; alignment=&#8221;center&#8221;][\/vc_column][\/vc_row][vc_row full_width=&#8221;stretch_row&#8221; content_placement=&#8221;middle&#8221; disable_element=&#8221;yes&#8221; css=&#8221;.vc_custom_1676541642160{padding-top: 150px !important;padding-bottom: 150px !important;background-image: url(https:\/\/www.heinzmayer.de\/wp-content\/uploads\/2022\/12\/hm_bg_fasser.jpg?id=330) !important;background-position: center !important;background-repeat: no-repeat !important;background-size: cover !important;}&#8221;][vc_column width=&#8221;1\/3&#8243;][vc_column_text el_class=&#8221;gold&#8221;]<\/p>\n<h2>WIR SUCHEN SIE ALS JUWELENFASSER \/ IN<\/h2>\n<p>[\/vc_column_text][vc_column_text]Sie m\u00f6chten f\u00fcr ein traditionsbewusstes deutsches<br \/>\nUnternehmen arbeiten, das gro\u00dfen Wert auf h\u00f6chste Qualit\u00e4t<br \/>\nund Pr\u00e4zision legt? F\u00fcr unsere Manufaktur in Idar-Oberstein<br \/>\nsuchen wir ab sofort einen Juwelenfasser \/ in (m\/w\/d). Wir<br \/>\nfreuen uns auf Ihre aussagekr\u00e4ftige Bewerbung.[\/vc_column_text][vc_raw_html]JTNDYSUyMGhyZWYlM0QlMjIlMjMlMjIlMjBjbGFzcyUzRCUyMmdvbGRidG4lMjBibGVmdCUyMiUzRUpldHp0JTIwYmV3ZXJiZW4lM0MlMkZhJTNF[\/vc_raw_html][\/vc_column][vc_column width=&#8221;2\/3&#8243;][\/vc_column][\/vc_row]<\/p>\n<\/div>","protected":false},"excerpt":{"rendered":"<p>[vc_row full_width=&#8221;stretch_row&#8221; content_pl [&hellip;]<\/p>\n","protected":false},"author":1,"featured_media":0,"parent":0,"menu_order":0,"comment_status":"closed","ping_status":"closed","template":"","meta":{"site-sidebar-layout":"no-sidebar","site-content-layout":"plain-container","ast-site-content-layout":"default","site-content-style":"default","site-sidebar-style":"default","ast-global-header-display":"","ast-banner-title-visibility":"","ast-main-header-display":"","ast-hfb-above-header-display":"","ast-hfb-below-header-display":"","ast-hfb-mobile-header-display":"","site-post-title":"disabled","ast-breadcrumbs-content":"","ast-featured-img":"disabled","footer-sml-layout":"","theme-transparent-header-meta":"default","adv-header-id-meta":"","stick-header-meta":"default","header-above-stick-meta":"","header-main-stick-meta":"","header-below-stick-meta":"","astra-migrate-meta-layouts":"set","ast-page-background-enabled":"default","ast-page-background-meta":{"desktop":{"background-color":"var(--ast-global-color-4)","background-image":"","background-repeat":"repeat","background-position":"center center","background-size":"auto","background-attachment":"scroll","background-type":"","background-media":"","overlay-type":"","overlay-color":"","overlay-opacity":"","overlay-gradient":""},"tablet":{"background-color":"","background-image":"","background-repeat":"repeat","background-position":"center center","background-size":"auto","background-attachment":"scroll","background-type":"","background-media":"","overlay-type":"","overlay-color":"","overlay-opacity":"","overlay-gradient":""},"mobile":{"background-color":"","background-image":"","background-repeat":"repeat","background-position":"center center","background-size":"auto","background-attachment":"scroll","background-type":"","background-media":"","overlay-type":"","overlay-color":"","overlay-opacity":"","overlay-gradient":""}},"ast-content-background-meta":{"desktop":{"background-color":"var(--ast-global-color-5)","background-image":"","background-repeat":"repeat","background-position":"center center","background-size":"auto","background-attachment":"scroll","background-type":"","background-media":"","overlay-type":"","overlay-color":"","overlay-opacity":"","overlay-gradient":""},"tablet":{"background-color":"var(--ast-global-color-5)","background-image":"","background-repeat":"repeat","background-position":"center center","background-size":"auto","background-attachment":"scroll","background-type":"","background-media":"","overlay-type":"","overlay-color":"","overlay-opacity":"","overlay-gradient":""},"mobile":{"background-color":"var(--ast-global-color-5)","background-image":"","background-repeat":"repeat","background-position":"center center","background-size":"auto","background-attachment":"scroll","background-type":"","background-media":"","overlay-type":"","overlay-color":"","overlay-opacity":"","overlay-gradient":""}},"footnotes":""},"class_list":["post-2784","page","type-page","status-publish","hentry"],"_links":{"self":[{"href":"https:\/\/www.heinzmayer.de\/zh-hant\/wp-json\/wp\/v2\/pages\/2784","targetHints":{"allow":["GET"]}}],"collection":[{"href":"https:\/\/www.heinzmayer.de\/zh-hant\/wp-json\/wp\/v2\/pages"}],"about":[{"href":"https:\/\/www.heinzmayer.de\/zh-hant\/wp-json\/wp\/v2\/types\/page"}],"author":[{"embeddable":true,"href":"https:\/\/www.heinzmayer.de\/zh-hant\/wp-json\/wp\/v2\/users\/1"}],"replies":[{"embeddable":true,"href":"https:\/\/www.heinzmayer.de\/zh-hant\/wp-json\/wp\/v2\/comments?post=2784"}],"version-history":[{"count":2,"href":"https:\/\/www.heinzmayer.de\/zh-hant\/wp-json\/wp\/v2\/pages\/2784\/revisions"}],"predecessor-version":[{"id":2786,"href":"https:\/\/www.heinzmayer.de\/zh-hant\/wp-json\/wp\/v2\/pages\/2784\/revisions\/2786"}],"wp:attachment":[{"href":"https:\/\/www.heinzmayer.de\/zh-hant\/wp-json\/wp\/v2\/media?parent=2784"}],"curies":[{"name":"wp","href":"https:\/\/api.w.org\/{rel}","templated":true}]}}